{"id":5836,"date":"2026-01-15T15:53:08","date_gmt":"2026-01-15T15:53:08","guid":{"rendered":"https:\/\/buggysafaritenerife.com\/privacy-policy\/"},"modified":"2026-01-15T16:07:32","modified_gmt":"2026-01-15T16:07:32","slug":"privacy-policy","status":"publish","type":"page","link":"https:\/\/buggysafaritenerife.com\/fr\/privacy-policy\/","title":{"rendered":"Privacy Policy"},"content":{"rendered":"\t\t<div data-elementor-type=\"wp-page\" data-elementor-id=\"5836\" class=\"elementor elementor-5836\" data-elementor-post-type=\"page\">\n\t\t\t\t\t\t<section class=\"elementor-section elementor-top-section elementor-element elementor-element-2bba0d6c elementor-section-boxed elementor-section-height-default elementor-section-height-default\" data-id=\"2bba0d6c\" data-element_type=\"section\" data-e-type=\"section\">\n\t\t\t\t\t\t<div class=\"elementor-container elementor-column-gap-default\">\n\t\t\t\t\t<div class=\"elementor-column elementor-col-100 elementor-top-column elementor-element elementor-element-345b6236\" data-id=\"345b6236\" data-element_type=\"column\" data-e-type=\"column\">\n\t\t\t<div class=\"elementor-widget-wrap\">\n\t\t\t\t\t\t\t<\/div>\n\t\t<\/div>\n\t\t\t\t\t<\/div>\n\t\t<\/section>\n\t\t\t\t<section class=\"elementor-section elementor-top-section elementor-element elementor-element-4cd955e elementor-section-boxed elementor-section-height-default elementor-section-height-default\" data-id=\"4cd955e\" data-element_type=\"section\" data-e-type=\"section\">\n\t\t\t\t\t\t<div class=\"elementor-container elementor-column-gap-default\">\n\t\t\t\t\t<div class=\"elementor-column elementor-col-100 elementor-top-column elementor-element elementor-element-9fb010a\" data-id=\"9fb010a\" data-element_type=\"column\" data-e-type=\"column\">\n\t\t\t<div class=\"elementor-widget-wrap elementor-element-populated\">\n\t\t\t\t\t\t<div class=\"elementor-element elementor-element-0b8a8b1 elementor-widget elementor-widget-html\" data-id=\"0b8a8b1\" data-element_type=\"widget\" data-e-type=\"widget\" data-widget_type=\"html.default\">\n\t\t\t\t<div class=\"elementor-widget-container\">\n\t\t\t\t\t<h1 class=\"privacy-policy-h1\" style=\"color: #000000;\">Politique de Confidentialit\u00e9\n<br><span style=\"color: #000000;\">Derni\u00e8re mise \u00e0 jour le 15-janv-2026<\/span>\n<br><span style=\"color: #000000;\">Date d'entr\u00e9e en vigueur 15-janv-2026<\/span>\n<\/h1>\n\n<p class=\"privacy-policy-p\" style=\"color: #000000;\">\n    Cette Politique de Confidentialit\u00e9 d\u00e9crit les politiques de\n    Buggy Safari Tenerife,\n    Carretera puerto 38684 Tamaimo,\n    Santa Cruz de Tenerife\n    38684,\n    Espagne,\n    e-mail : faridabada2@gmail.com,\n    t\u00e9l\u00e9phone : +34 674 446 713\n    sur la collecte,\n    l'utilisation et la divulgation de vos informations que nous recueillons\n    lorsque vous utilisez notre site web ( https:\/\/buggysafaritenerife.com ).\n    (le \u00ab Service \u00bb). En acc\u00e9dant o\u00f9 en utilisant\n    le\n    Service, vous consentez alla collecte, \u00e0 l'utilisation et \u00e0 la\n    divulgation de vos informations conform\u00e9ment \u00e0 cette\n    Politique de Confidentialit\u00e9. Si vous n'y consentez pas,\n    veuillez ne pas acc\u00e9der au Service ni l'utiliser.\n<\/p>\n\n<p class=\"privacy-policy-p\" style=\"color: #000000;\">\n    Nous pouvons modifier cette Politique de Confidentialit\u00e9 \u00e0 tout moment senza\n    pr\u00e9avis et nous publierons la version r\u00e9vis\u00e9e\n    sur le Service. La Politique r\u00e9vis\u00e9e sera\n    effective 180 jours apr\u00e8s sa publication \n    sur le Service et votre\n    acc\u00e8s ou utilisation continue du Service apr\u00e8s ce d\u00e9lai\n    constituera votre acceptation de la Politique de Confidentialit\u00e9 r\u00e9vis\u00e9e.\n    Nous vous recommandons donc de consulter p\u00e9riodiquement cette page.\n<\/p>\n\n<ol class=\"privacy-policy-ol\" style=\"color: #000000;\">\n    <li>\n        <h2 class=\"privacy-policy-h2\" style=\"color: #000000;\">\n            Informations que nous recueillons :\n        <\/h2>\n        <p class=\"privacy-policy-p\" style=\"color: #000000;\">\n            Nous recueillerons et traiterons les\n            informations personnelles suivantes vous concernant :\n        <\/p>\n        <ol class=\"privacy-policy-ol\" style=\"color: #000000;\">\n            <li>Nom<\/li>\n            <li>E-mail<\/li>\n            <li>T\u00e9l\u00e9phone mobile<\/li>\n        <\/ol>\n    <\/li>\n\n    <li>\n        <h2 class=\"privacy-policy-h2\" style=\"color: #000000;\">\n            Comment nous utilisons vos informations :\n        <\/h2>\n        <p class=\"privacy-policy-p\" style=\"color: #000000;\">\n            Nous utiliserons le informations que nous recueillons\n            \u00e0 votre sujet aux fins suivantes :\n        <\/p>\n        <ol class=\"privacy-policy-ol\" style=\"color: #000000;\">\n            <li>Marketing \/ Promotion<\/li>\n            <li>Traitement des paiements<\/li>\n            <li>Assistance<\/li>\n            <li>Protection du site<\/li>\n        <\/ol>\n        <p class=\"privacy-policy-p\" style=\"color: #000000;\">\n            Si nous souhaitons utiliser vos informations \u00e0 toute autre\n            fin, nous vous demanderons votre consentement et n'utiliserons\n            vos informations qu'apr\u00e8s avoir re\u00e7u votre\n            consentement e, seulement, aux fins pour lesquelles\n            vous l'avez accord\u00e9, \u00e0 moins que la loi ne nous oblige\n            \u00e0 faire autrement.\n        <\/p>\n    <\/li>\n    \n    <li>\n        <h2 class=\"privacy-policy-h2\" style=\"color: #000000;\">\n            Comment nous partageons vos informations :\n        <\/h2>\n        <p class=\"privacy-policy-p\" style=\"color: #000000;\">\n            Nous ne transf\u00e9rerons pas vos informations personnelles\n            \u00e0 des tiers sans votre consentement,\n            sauf dans les circonstances limit\u00e9es d\u00e9crites\n            ci-dessous :\n        <\/p>\n        <ol class=\"privacy-policy-ol\" style=\"color: #000000;\">\n            <li>Collecte et traitement des donn\u00e9es<\/li>\n        <\/ol>\n        \n        <p class=\"privacy-policy-p\" style=\"color: #000000;\">\n            Nous exigeons que ces tiers utilisent les\n            informations personnelles que nous leur transf\u00e9rons uniquement\n            aux fins pour lesquelles elles ont \u00e9t\u00e9 transf\u00e9r\u00e9es et\n            qu'ils ne les conservent pas plus longtemps que n\u00e9cessaire pour\n            remplir ladite fin.\n        <\/p>\n        <p class=\"privacy-policy-p\" style=\"color: #000000;\">\n            Nous pouvons \u00e9galement divulguer vos informations personnelles\n            pour les raisons suivantes : (1) pour nous conformer \u00e0 la\n            loi, \u00e0 la r\u00e9glementation, \u00e0 une ordonnance d'un tribunal ou \u00e0 toute autre proc\u00e9dure\n            l\u00e9gale applicable ; (2) pour faire respecter vos accords avec nous,\n            y compris cette Politique de Confidentialit\u00e9 ; ou (3) pour r\u00e9pondre\n            \u00e0 des r\u00e9clamations selon lesquelles votre utilisation du Service viole\n            les droits de tiers. Si le Service ou notre\n            soci\u00e9t\u00e9 fusionne ou est acquis par une autre\n            soci\u00e9t\u00e9, vos informations feront partie des\n            actifs transf\u00e9r\u00e9s au nouveau propri\u00e9taire.\n        <\/p>\n    <\/li>\n\n    <li>\n        <h2 class=\"privacy-policy-h2\" style=\"color: #000000;\">\n            Conservation de vos informations :\n        <\/h2>\n        <p class=\"privacy-policy-p\" style=\"color: #000000;\">\n            Nous conserverons vos informations personnelles chez nous\n            pendant 90 jours \u00e0 2 ans apr\u00e8s la r\u00e9siliation de leur compte par les utilisateurs\n            ou aussi longtemps que n\u00e9cessaire pour atteindre les objectifs pour\n            lesquels elles ont \u00e9t\u00e9 collect\u00e9es, comme d\u00e9taill\u00e9 dans cette\n            Politique de Confidentialit\u00e9. Nous pouvons avoir besoin di conserver certaines\n            informations pendant des p\u00e9riodes plus longues, par exemple pour la\n            tenue de registres \/ rapports conform\u00e9ment \u00e0 la\n            loi applicable ou pour d'autres raisons l\u00e9gitimes\n            telles que l'application de droits l\u00e9gaux, la pr\u00e9vention de la\n            fraude, etc. Les informations anonymes r\u00e9siduelles\n            et les informations agr\u00e9g\u00e9es, dont aucune\n            ne vous identifie (directement ou indirectement), peuvent \u00eatre\n            stock\u00e9es ind\u00e9finiment.\n        <\/p>\n    <\/li>\n    \n    <li>\n        <h2 class=\"privacy-policy-h2\" style=\"color: #000000;\">\n            Vos droits :\n        <\/h2>\n        <p class=\"privacy-policy-p\" style=\"color: #000000;\">\n            Selon la loi applicable, vous pouvez avoir\n            un droit d'acc\u00e8s et de rectification ou de suppression de vos\n            donn\u00e9es personnelles ou recevoir une copie de vos donn\u00e9es\n            personnelles, restreindre ou vous opposer au traitement\n            actif de vos donn\u00e9es, nous demander di partager (transf\u00e9rer)\n            vos informations personnelles \u00e0 une autre entit\u00e9,\n            retirer tout consentement que vous nous avez fourni pour\n            traiter vos donn\u00e9es, un droit de d\u00e9poser une plainte\n            aupr\u00e8s d'une autorit\u00e9 statutaire et d'autres droits\n            qui peuvent \u00eatre pertinents en vertu des lois applicables. Pour\n            exercer ces droits, vous pouvez nous \u00e9crire \u00e0\n            faridabada2@gmail.com.\n            Nous r\u00e9pondrons \u00e0 votre\n            demande conform\u00e9ment \u00e0 la loi applicable.\n        <\/p>\n\n        <p class=\"privacy-policy-p\" style=\"color: #000000;\">\n            Veuillez noter que si vous ne nous autorisez pas \u00e0 collecter\n            ou traiter les informations personnelles requises ou si vous\n            retirez le consentement au traitement de celles-ci pour les\n            fins requises, vous pourriez ne pas \u00eatre en mesure d'acc\u00e9der\n            ou d'utiliser les services pour lesquels vos informations\n            ont \u00e9t\u00e9 demand\u00e9es.\n        <\/p>\n    <\/li>\n    <li>\n        <h2 class=\"privacy-policy-h2\" style=\"color: #000000;\">\n            Cookies, etc.\n        <\/h2>\n        <p class=\"privacy-policy-p\" style=\"color: #000000;\">\n            Pour en savoir plus sur la mani\u00e8re dont nous les utilisons\n            et sur vos choix concernant ces technologies de\n            suivi, veuillez consulter notre\n            <a href=\"https:\/\/buggysafaritenerife.com\/cookie-policy\/\" style=\"color: #000000; text-decoration: underline;\">Politique relative aux cookies.<\/a>\n        <\/p>\n    <\/li>\n    \n    <li>\n        <h2 class=\"privacy-policy-h2\" style=\"color: #000000;\">\n            S\u00e9curit\u00e9 :\n        <\/h2>\n        <p class=\"privacy-policy-p\" style=\"color: #000000;\">\n            La s\u00e9curit\u00e9 de vos informations est importante pour\n            nous et nous utiliserons des mesures di s\u00e9curit\u00e9 raisonnables\n            pour pr\u00e9venir la perte, l'utilisation abusive ou l'alt\u00e9ration non autoris\u00e9e\n            de vos informations sous notre\n            contr\u00f4le. Cependant, compte tenu des risques inh\u00e9rents, nous\n            ne pouvons garantir une s\u00e9curit\u00e9 absolue et,\n            par cons\u00e9quent, nous ne pouvons assurer ou garantir la\n            s\u00e9curit\u00e9 des informations que vous nous transmettez\n            e vous le faites \u00e0 vos propres risques.\n        <\/p>\n    <\/li>\n\n    <li>\n        <h2 class=\"privacy-policy-h2\" style=\"color: #000000;\">\n            Liens tiers et utilisation de vos informations :\n        <\/h2>\n        <p class=\"privacy-policy-p\" style=\"color: #000000;\">\n            Notre Service peut contenir des liens vers d'autres sites web\n            qui ne sont pas exploit\u00e9s par nous. Cette Politique de Confidentialit\u00e9\n            ne traite pas de la politique de confidentialit\u00e9 et des autres\n            pratiques de tiers, y compris tout\n            tiers exploitant un site web ou un service\n            pouvant \u00eatre accessible via un lien sur le\n            Service. Nous vous conseillons vivement di consulter la\n            politique di confidentialit\u00e9 de chaque site que vous visitez. Nous n'avons\n            aucun contr\u00f4le et n'assumons aucune responsabilit\u00e9 quant au\n            contenu, aux politiques di confidentialit\u00e9 ou aux pratiques de\n            tout site ou service tiers.\n        <\/p>\n    <\/li>\n    \n    <li>\n        <h2 class=\"privacy-policy-h2\" style=\"color: #000000;\">\n            R\u00e9clamations \/ D\u00e9l\u00e9gu\u00e9 \u00e0 la protection des donn\u00e9es :\n        <\/h2>\n        <p class=\"privacy-policy-p\" style=\"color: #000000;\">\n            Si vous avez des questions ou des pr\u00e9occupations concernant le\n            traitement di vos informations dont nous disposons,\n            vous pouvez envoyer un e-mail \u00e0 notre responsable des r\u00e9clamations \u00e0\n            Buggy Safari Tenerife,\n            Carretera puerto 38684 Tamaimo,\n            e-mail : faridabada2@gmail.com.\n            Nous traiterons vos pr\u00e9occupations conform\u00e9ment \u00e0 la loi applicable.\n        <\/p>\n    <\/li>\n<\/ol>\n<p class=\"privacy-policy-p\" style=\"color: #000000;\">\n    Politique de confidentialit\u00e9 g\u00e9n\u00e9r\u00e9e avec <a target=\"_blank\" href=\"https:\/\/www.cookieyes.com\/?utm_source=PP&utm_medium=footer&utm_campaign=UW\" style=\"color: #000000; text-decoration: underline;\">CookieYes<\/a>.\n<\/p>\t\t\t\t<\/div>\n\t\t\t\t<\/div>\n\t\t\t\t\t<\/div>\n\t\t<\/div>\n\t\t\t\t\t<\/div>\n\t\t<\/section>\n\t\t\t\t<\/div>\n\t\t","protected":false},"excerpt":{"rendered":"<p>Politique de Confidentialit\u00e9 Derni\u00e8re mise \u00e0 jour le 15-janv-2026 Date d&rsquo;entr\u00e9e en vigueur 15-janv-2026 Cette Politique de Confidentialit\u00e9 d\u00e9crit les politiques de Buggy Safari Tenerife, Carretera puerto 38684 Tamaimo, Santa Cruz de Tenerife 38684, Espagne, e-mail : faridabada2@gmail.com, t\u00e9l\u00e9phone : +34 674 446 713 sur la collecte, l&rsquo;utilisation et la divulgation de vos informations que [&hellip;]<\/p>\n","protected":false},"author":2,"featured_media":0,"parent":0,"menu_order":0,"comment_status":"closed","ping_status":"closed","template":"","meta":{"inline_featured_image":false,"site-sidebar-layout":"default","site-content-layout":"","ast-site-content-layout":"default","site-content-style":"default","site-sidebar-style":"default","ast-global-header-display":"","ast-banner-title-visibility":"","ast-main-header-display":"","ast-hfb-above-header-display":"","ast-hfb-below-header-display":"","ast-hfb-mobile-header-display":"","site-post-title":"disabled","ast-breadcrumbs-content":"","ast-featured-img":"","footer-sml-layout":"","ast-disable-related-posts":"","theme-transparent-header-meta":"","adv-header-id-meta":"","stick-header-meta":"","header-above-stick-meta":"","header-main-stick-meta":"","header-below-stick-meta":"","astra-migrate-meta-layouts":"set","ast-page-background-enabled":"default","ast-page-background-meta":{"desktop":{"background-color":"var(--ast-global-color-4)","background-image":"","background-repeat":"repeat","background-position":"center center","background-size":"auto","background-attachment":"scroll","background-type":"","background-media":"","overlay-type":"","overlay-color":"","overlay-opacity":"","overlay-gradient":""},"tablet":{"background-color":"","background-image":"","background-repeat":"repeat","background-position":"center center","background-size":"auto","background-attachment":"scroll","background-type":"","background-media":"","overlay-type":"","overlay-color":"","overlay-opacity":"","overlay-gradient":""},"mobile":{"background-color":"","background-image":"","background-repeat":"repeat","background-position":"center center","background-size":"auto","background-attachment":"scroll","background-type":"","background-media":"","overlay-type":"","overlay-color":"","overlay-opacity":"","overlay-gradient":""}},"ast-content-background-meta":{"desktop":{"background-color":"var(--ast-global-color-5)","background-image":"","background-repeat":"repeat","background-position":"center center","background-size":"auto","background-attachment":"scroll","background-type":"","background-media":"","overlay-type":"","overlay-color":"","overlay-opacity":"","overlay-gradient":""},"tablet":{"background-color":"var(--ast-global-color-5)","background-image":"","background-repeat":"repeat","background-position":"center center","background-size":"auto","background-attachment":"scroll","background-type":"","background-media":"","overlay-type":"","overlay-color":"","overlay-opacity":"","overlay-gradient":""},"mobile":{"background-color":"var(--ast-global-color-5)","background-image":"","background-repeat":"repeat","background-position":"center center","background-size":"auto","background-attachment":"scroll","background-type":"","background-media":"","overlay-type":"","overlay-color":"","overlay-opacity":"","overlay-gradient":""}},"footnotes":""},"class_list":["post-5836","page","type-page","status-publish","hentry"],"yoast_head":"<!-- This site is optimized with the Yoast SEO plugin v27.3 - https:\/\/yoast.com\/product\/yoast-seo-wordpress\/ -->\n<title>Privacy Policy - BUGGY SAFARI TENERIFE<\/title>\n<meta name=\"robots\" content=\"index, follow, max-snippet:-1, max-image-preview:large, max-video-preview:-1\" \/>\n<link rel=\"canonical\" href=\"https:\/\/buggysafaritenerife.com\/fr\/privacy-policy\/\" \/>\n<meta property=\"og:locale\" content=\"fr_FR\" \/>\n<meta property=\"og:type\" content=\"article\" \/>\n<meta property=\"og:title\" content=\"Privacy Policy - BUGGY SAFARI TENERIFE\" \/>\n<meta property=\"og:description\" content=\"Politique de Confidentialit\u00e9 Derni\u00e8re mise \u00e0 jour le 15-janv-2026 Date d&rsquo;entr\u00e9e en vigueur 15-janv-2026 Cette Politique de Confidentialit\u00e9 d\u00e9crit les politiques de Buggy Safari Tenerife, Carretera puerto 38684 Tamaimo, Santa Cruz de Tenerife 38684, Espagne, e-mail : faridabada2@gmail.com, t\u00e9l\u00e9phone : +34 674 446 713 sur la collecte, l&rsquo;utilisation et la divulgation de vos informations que [&hellip;]\" \/>\n<meta property=\"og:url\" content=\"https:\/\/buggysafaritenerife.com\/fr\/privacy-policy\/\" \/>\n<meta property=\"og:site_name\" content=\"BUGGY SAFARI TENERIFE\" \/>\n<meta property=\"article:publisher\" content=\"https:\/\/www.facebook.com\/buggysafaritenerife\" \/>\n<meta property=\"article:modified_time\" content=\"2026-01-15T16:07:32+00:00\" \/>\n<meta name=\"twitter:card\" content=\"summary_large_image\" \/>\n<meta name=\"twitter:label1\" content=\"Dur\u00e9e de lecture estim\u00e9e\" \/>\n\t<meta name=\"twitter:data1\" content=\"5 minutes\" \/>\n<script type=\"application\/ld+json\" class=\"yoast-schema-graph\">{\"@context\":\"https:\\\/\\\/schema.org\",\"@graph\":[{\"@type\":\"WebPage\",\"@id\":\"https:\\\/\\\/buggysafaritenerife.com\\\/fr\\\/privacy-policy\\\/\",\"url\":\"https:\\\/\\\/buggysafaritenerife.com\\\/fr\\\/privacy-policy\\\/\",\"name\":\"Privacy Policy - BUGGY SAFARI TENERIFE\",\"isPartOf\":{\"@id\":\"https:\\\/\\\/www.buggysafaritenerife.com\\\/#website\"},\"datePublished\":\"2026-01-15T15:53:08+00:00\",\"dateModified\":\"2026-01-15T16:07:32+00:00\",\"breadcrumb\":{\"@id\":\"https:\\\/\\\/buggysafaritenerife.com\\\/fr\\\/privacy-policy\\\/#breadcrumb\"},\"inLanguage\":\"fr-FR\",\"potentialAction\":[{\"@type\":\"ReadAction\",\"target\":[\"https:\\\/\\\/buggysafaritenerife.com\\\/fr\\\/privacy-policy\\\/\"]}]},{\"@type\":\"BreadcrumbList\",\"@id\":\"https:\\\/\\\/buggysafaritenerife.com\\\/fr\\\/privacy-policy\\\/#breadcrumb\",\"itemListElement\":[{\"@type\":\"ListItem\",\"position\":1,\"name\":\"Portada\",\"item\":\"https:\\\/\\\/buggysafaritenerife.com\\\/it\\\/\"},{\"@type\":\"ListItem\",\"position\":2,\"name\":\"Privacy Policy\"}]},{\"@type\":\"WebSite\",\"@id\":\"https:\\\/\\\/www.buggysafaritenerife.com\\\/#website\",\"url\":\"https:\\\/\\\/www.buggysafaritenerife.com\\\/\",\"name\":\"BUGGY SAFARI TENERIFE\",\"description\":\"ARE YOU READY TO LIVE THE BEST BUGGY SAFARI EXPERIENCE WITH ARCTIC CAT MODEL 700CC? NEW BUGGIES SUMMER 2023.\",\"publisher\":{\"@id\":\"https:\\\/\\\/www.buggysafaritenerife.com\\\/#organization\"},\"potentialAction\":[{\"@type\":\"SearchAction\",\"target\":{\"@type\":\"EntryPoint\",\"urlTemplate\":\"https:\\\/\\\/www.buggysafaritenerife.com\\\/?s={search_term_string}\"},\"query-input\":{\"@type\":\"PropertyValueSpecification\",\"valueRequired\":true,\"valueName\":\"search_term_string\"}}],\"inLanguage\":\"fr-FR\"},{\"@type\":\"Organization\",\"@id\":\"https:\\\/\\\/www.buggysafaritenerife.com\\\/#organization\",\"name\":\"BUGGY SAFARI TENERIFE\",\"url\":\"https:\\\/\\\/www.buggysafaritenerife.com\\\/\",\"logo\":{\"@type\":\"ImageObject\",\"inLanguage\":\"fr-FR\",\"@id\":\"https:\\\/\\\/www.buggysafaritenerife.com\\\/#\\\/schema\\\/logo\\\/image\\\/\",\"url\":\"http:\\\/\\\/buggysafaritenerife.com\\\/wp-content\\\/uploads\\\/2023\\\/07\\\/LOGO_1111-e1689361222376.png\",\"contentUrl\":\"http:\\\/\\\/buggysafaritenerife.com\\\/wp-content\\\/uploads\\\/2023\\\/07\\\/LOGO_1111-e1689361222376.png\",\"width\":1451,\"height\":635,\"caption\":\"BUGGY SAFARI TENERIFE\"},\"image\":{\"@id\":\"https:\\\/\\\/www.buggysafaritenerife.com\\\/#\\\/schema\\\/logo\\\/image\\\/\"},\"sameAs\":[\"https:\\\/\\\/www.facebook.com\\\/buggysafaritenerife\",\"https:\\\/\\\/www.instagram.com\\\/buggysafaritenerife\\\/\"]}]}<\/script>\n<!-- \/ Yoast SEO plugin. -->","yoast_head_json":{"title":"Privacy Policy - BUGGY SAFARI TENERIFE","robots":{"index":"index","follow":"follow","max-snippet":"max-snippet:-1","max-image-preview":"max-image-preview:large","max-video-preview":"max-video-preview:-1"},"canonical":"https:\/\/buggysafaritenerife.com\/fr\/privacy-policy\/","og_locale":"fr_FR","og_type":"article","og_title":"Privacy Policy - BUGGY SAFARI TENERIFE","og_description":"Politique de Confidentialit\u00e9 Derni\u00e8re mise \u00e0 jour le 15-janv-2026 Date d&rsquo;entr\u00e9e en vigueur 15-janv-2026 Cette Politique de Confidentialit\u00e9 d\u00e9crit les politiques de Buggy Safari Tenerife, Carretera puerto 38684 Tamaimo, Santa Cruz de Tenerife 38684, Espagne, e-mail : faridabada2@gmail.com, t\u00e9l\u00e9phone : +34 674 446 713 sur la collecte, l&rsquo;utilisation et la divulgation de vos informations que [&hellip;]","og_url":"https:\/\/buggysafaritenerife.com\/fr\/privacy-policy\/","og_site_name":"BUGGY SAFARI TENERIFE","article_publisher":"https:\/\/www.facebook.com\/buggysafaritenerife","article_modified_time":"2026-01-15T16:07:32+00:00","twitter_card":"summary_large_image","twitter_misc":{"Dur\u00e9e de lecture estim\u00e9e":"5 minutes"},"schema":{"@context":"https:\/\/schema.org","@graph":[{"@type":"WebPage","@id":"https:\/\/buggysafaritenerife.com\/fr\/privacy-policy\/","url":"https:\/\/buggysafaritenerife.com\/fr\/privacy-policy\/","name":"Privacy Policy - BUGGY SAFARI TENERIFE","isPartOf":{"@id":"https:\/\/www.buggysafaritenerife.com\/#website"},"datePublished":"2026-01-15T15:53:08+00:00","dateModified":"2026-01-15T16:07:32+00:00","breadcrumb":{"@id":"https:\/\/buggysafaritenerife.com\/fr\/privacy-policy\/#breadcrumb"},"inLanguage":"fr-FR","potentialAction":[{"@type":"ReadAction","target":["https:\/\/buggysafaritenerife.com\/fr\/privacy-policy\/"]}]},{"@type":"BreadcrumbList","@id":"https:\/\/buggysafaritenerife.com\/fr\/privacy-policy\/#breadcrumb","itemListElement":[{"@type":"ListItem","position":1,"name":"Portada","item":"https:\/\/buggysafaritenerife.com\/it\/"},{"@type":"ListItem","position":2,"name":"Privacy Policy"}]},{"@type":"WebSite","@id":"https:\/\/www.buggysafaritenerife.com\/#website","url":"https:\/\/www.buggysafaritenerife.com\/","name":"BUGGY SAFARI TENERIFE","description":"ARE YOU READY TO LIVE THE BEST BUGGY SAFARI EXPERIENCE WITH ARCTIC CAT MODEL 700CC? NEW BUGGIES SUMMER 2023.","publisher":{"@id":"https:\/\/www.buggysafaritenerife.com\/#organization"},"potentialAction":[{"@type":"SearchAction","target":{"@type":"EntryPoint","urlTemplate":"https:\/\/www.buggysafaritenerife.com\/?s={search_term_string}"},"query-input":{"@type":"PropertyValueSpecification","valueRequired":true,"valueName":"search_term_string"}}],"inLanguage":"fr-FR"},{"@type":"Organization","@id":"https:\/\/www.buggysafaritenerife.com\/#organization","name":"BUGGY SAFARI TENERIFE","url":"https:\/\/www.buggysafaritenerife.com\/","logo":{"@type":"ImageObject","inLanguage":"fr-FR","@id":"https:\/\/www.buggysafaritenerife.com\/#\/schema\/logo\/image\/","url":"http:\/\/buggysafaritenerife.com\/wp-content\/uploads\/2023\/07\/LOGO_1111-e1689361222376.png","contentUrl":"http:\/\/buggysafaritenerife.com\/wp-content\/uploads\/2023\/07\/LOGO_1111-e1689361222376.png","width":1451,"height":635,"caption":"BUGGY SAFARI TENERIFE"},"image":{"@id":"https:\/\/www.buggysafaritenerife.com\/#\/schema\/logo\/image\/"},"sameAs":["https:\/\/www.facebook.com\/buggysafaritenerife","https:\/\/www.instagram.com\/buggysafaritenerife\/"]}]}},"_links":{"self":[{"href":"https:\/\/buggysafaritenerife.com\/fr\/wp-json\/wp\/v2\/pages\/5836","targetHints":{"allow":["GET"]}}],"collection":[{"href":"https:\/\/buggysafaritenerife.com\/fr\/wp-json\/wp\/v2\/pages"}],"about":[{"href":"https:\/\/buggysafaritenerife.com\/fr\/wp-json\/wp\/v2\/types\/page"}],"author":[{"embeddable":true,"href":"https:\/\/buggysafaritenerife.com\/fr\/wp-json\/wp\/v2\/users\/2"}],"replies":[{"embeddable":true,"href":"https:\/\/buggysafaritenerife.com\/fr\/wp-json\/wp\/v2\/comments?post=5836"}],"version-history":[{"count":4,"href":"https:\/\/buggysafaritenerife.com\/fr\/wp-json\/wp\/v2\/pages\/5836\/revisions"}],"predecessor-version":[{"id":5840,"href":"https:\/\/buggysafaritenerife.com\/fr\/wp-json\/wp\/v2\/pages\/5836\/revisions\/5840"}],"wp:attachment":[{"href":"https:\/\/buggysafaritenerife.com\/fr\/wp-json\/wp\/v2\/media?parent=5836"}],"curies":[{"name":"wp","href":"https:\/\/api.w.org\/{rel}","templated":true}]}}