{"id":5843,"date":"2026-01-15T15:53:08","date_gmt":"2026-01-15T15:53:08","guid":{"rendered":"https:\/\/buggysafaritenerife.com\/privacy-policy-2\/"},"modified":"2026-01-15T16:14:31","modified_gmt":"2026-01-15T16:14:31","slug":"privacy-policy-a","status":"publish","type":"page","link":"https:\/\/buggysafaritenerife.com\/es\/privacy-policy-a\/","title":{"rendered":"Privacy Policy"},"content":{"rendered":"\t\t<div data-elementor-type=\"wp-page\" data-elementor-id=\"5843\" class=\"elementor elementor-5843\" data-elementor-post-type=\"page\">\n\t\t\t\t\t\t<section class=\"elementor-section elementor-top-section elementor-element elementor-element-2bba0d6c elementor-section-boxed elementor-section-height-default elementor-section-height-default\" data-id=\"2bba0d6c\" data-element_type=\"section\" data-e-type=\"section\">\n\t\t\t\t\t\t<div class=\"elementor-container elementor-column-gap-default\">\n\t\t\t\t\t<div class=\"elementor-column elementor-col-100 elementor-top-column elementor-element elementor-element-345b6236\" data-id=\"345b6236\" data-element_type=\"column\" data-e-type=\"column\">\n\t\t\t<div class=\"elementor-widget-wrap\">\n\t\t\t\t\t\t\t<\/div>\n\t\t<\/div>\n\t\t\t\t\t<\/div>\n\t\t<\/section>\n\t\t\t\t<section class=\"elementor-section elementor-top-section elementor-element elementor-element-4cd955e elementor-section-boxed elementor-section-height-default elementor-section-height-default\" data-id=\"4cd955e\" data-element_type=\"section\" data-e-type=\"section\">\n\t\t\t\t\t\t<div class=\"elementor-container elementor-column-gap-default\">\n\t\t\t\t\t<div class=\"elementor-column elementor-col-100 elementor-top-column elementor-element elementor-element-9fb010a\" data-id=\"9fb010a\" data-element_type=\"column\" data-e-type=\"column\">\n\t\t\t<div class=\"elementor-widget-wrap elementor-element-populated\">\n\t\t\t\t\t\t<div class=\"elementor-element elementor-element-0b8a8b1 elementor-widget elementor-widget-html\" data-id=\"0b8a8b1\" data-element_type=\"widget\" data-e-type=\"widget\" data-widget_type=\"html.default\">\n\t\t\t\t<div class=\"elementor-widget-container\">\n\t\t\t\t\t<h1 class=\"privacy-policy-h1\" style=\"color: #000000;\">Pol\u00edtica de Privacidad\n<br><span style=\"color: #000000;\">\u00daltima actualizaci\u00f3n el 15-ene-2026<\/span>\n<br><span style=\"color: #000000;\">Fecha de entrada en vigor 15-ene-2026<\/span>\n<\/h1>\n\n<p class=\"privacy-policy-p\" style=\"color: #000000;\">\n    Esta Pol\u00edtica de Privacidad describe las pol\u00edticas de\n    Buggy Safari Tenerife,\n    Carretera puerto 38684 Tamaimo,\n    Santa Cruz de Tenerife\n    38684,\n    Espa\u00f1a,\n    correo electr\u00f3nico: faridabada2@gmail.com,\n    tel\u00e9fono: +34 674 446 713\n    sobre la recopilaci\u00f3n,\n    uso y divulgaci\u00f3n de la informaci\u00f3n que recopilamos\n    cuando utiliza nuestro sitio web ( https:\/\/buggysafaritenerife.com ).\n    (el \"Servicio\"). Al acceder o utilizar\n    el\n    Servicio, usted consiente la recopilaci\u00f3n, uso y\n    divulgaci\u00f3n de su informaci\u00f3n de acuerdo con esta\n    Pol\u00edtica de Privacidad. Si no consiente lo mismo,\n    por favor no acceda ni utilice el Servicio.\n<\/p>\n\n<p class=\"privacy-policy-p\" style=\"color: #000000;\">\n    Podemos modificar esta Pol\u00edtica de Privacidad en cualquier momento sin\n    previo aviso y publicaremos la Pol\u00edtica de Privacidad revisada\n    en el Servicio. La Pol\u00edtica revisada ser\u00e1\n    efectiva 180 d\u00edas despu\u00e9s de que la\n    Pol\u00edtica revisada se publique en el Servicio y su\n    acceso o uso continuado del Servicio despu\u00e9s de ese tiempo\n    constituir\u00e1 su aceptaci\u00f3n de la Pol\u00edtica de Privacidad revisada.\n    Por lo tanto, le recomendamos que revise peri\u00f3dicamente esta p\u00e1gina.\n<\/p>\n\n<ol class=\"privacy-policy-ol\" style=\"color: #000000;\">\n    <li>\n        <h2 class=\"privacy-policy-h2\" style=\"color: #000000;\">\n            Informaci\u00f3n que recopilamos:\n        <\/h2>\n        <p class=\"privacy-policy-p\" style=\"color: #000000;\">\n            Recopilaremos y procesaremos la siguiente\n            informaci\u00f3n personal sobre usted:\n        <\/p>\n        <ol class=\"privacy-policy-ol\" style=\"color: #000000;\">\n            <li>Nombre<\/li>\n            <li>Correo electr\u00f3nico<\/li>\n            <li>Tel\u00e9fono m\u00f3vil<\/li>\n        <\/ol>\n    <\/li>\n\n    <li>\n        <h2 class=\"privacy-policy-h2\" style=\"color: #000000;\">\n            C\u00f3mo utilizamos su informaci\u00f3n:\n        <\/h2>\n        <p class=\"privacy-policy-p\" style=\"color: #000000;\">\n            Utilizaremos la informaci\u00f3n que recopilamos\n            sobre usted para los siguientes fines:\n        <\/p>\n        <ol class=\"privacy-policy-ol\" style=\"color: #000000;\">\n            <li>Marketing \/ Promocional<\/li>\n            <li>Procesamiento de pagos<\/li>\n            <li>Soporte<\/li>\n            <li>Protecci\u00f3n del sitio<\/li>\n        <\/ol>\n        <p class=\"privacy-policy-p\" style=\"color: #000000;\">\n            Si deseamos utilizar su informaci\u00f3n para cualquier otro\n            fin, le pediremos su consentimiento y utilizaremos\n            su informaci\u00f3n solo tras recibir su\n            consentimiento y, entonces, solo para los fines para\n            los cuales otorg\u00f3 el consentimiento, a menos que la ley nos obligue\n            a hacer lo contrario.\n        <\/p>\n    <\/li>\n    \n    <li>\n        <h2 class=\"privacy-policy-h2\" style=\"color: #000000;\">\n            C\u00f3mo compartimos su informaci\u00f3n:\n        <\/h2>\n        <p class=\"privacy-policy-p\" style=\"color: #000000;\">\n            No transferiremos su informaci\u00f3n personal\n            a ning\u00fan tercero sin su consentimiento,\n            excepto en las circunstancias limitadas que se describen\n            a continuaci\u00f3n:\n        <\/p>\n        <ol class=\"privacy-policy-ol\" style=\"color: #000000;\">\n            <li>Recopilaci\u00f3n y procesamiento de datos<\/li>\n        <\/ol>\n        \n        <p class=\"privacy-policy-p\" style=\"color: #000000;\">\n            Exigimos a dichos terceros que utilicen la\n            informaci\u00f3n personal que les transferimos solo\n            para el fin para el que fue transferida y\n            que no la conserven por m\u00e1s tiempo del necesario para\n            cumplir con dicho fin.\n        <\/p>\n        <p class=\"privacy-policy-p\" style=\"color: #000000;\">\n            Tambi\u00e9n podemos divulgar su informaci\u00f3n personal\n            para lo siguiente: (1) para cumplir con la ley,\n            regulaci\u00f3n, orden judicial u otro proceso\n            legal aplicable; (2) para hacer cumplir sus acuerdos con nosotros,\n            incluida esta Pol\u00edtica de Privacidad; o (3) para responder\n            a reclamaciones de que su uso del Servicio viola\n            los derechos de terceros. Si el Servicio o nuestra\n            empresa se fusiona o es adquirida por otra\n            empresa, su informaci\u00f3n ser\u00e1 uno de los\n            activos que se transfieran al nuevo propietario.\n        <\/p>\n    <\/li>\n\n    <li>\n        <h2 class=\"privacy-policy-h2\" style=\"color: #000000;\">\n            Conservaci\u00f3n de su informaci\u00f3n:\n        <\/h2>\n        <p class=\"privacy-policy-p\" style=\"color: #000000;\">\n            Conservaremos su informaci\u00f3n personal con nosotros\n            durante 90 d\u00edas a 2 a\u00f1os despu\u00e9s de que los usuarios cierren sus cuentas\n            o durante el tiempo que sea necesario para cumplir con los fines para\n            los cuales fue recopilada, como se detalla en esta\n            Pol\u00edtica de Privacidad. Es posible que necesitemos conservar cierta\n            informaci\u00f3n durante per\u00edodos m\u00e1s largos, como para el\n            mantenimiento de registros \/ informes de acuerdo con la\n            ley aplicable o por otras razones leg\u00edtimas\n            como la observancia de derechos legales, prevenci\u00f3n de\n            fraude, etc. La informaci\u00f3n an\u00f3nima residual\n            y la informaci\u00f3n agregada, ninguna de las cuales\n            le identifica (directa o indirectamente), puede\n            almacenarse indefinidamente.\n        <\/p>\n    <\/li>\n    \n    <li>\n        <h2 class=\"privacy-policy-h2\" style=\"color: #000000;\">\n            Sus derechos:\n        <\/h2>\n        <p class=\"privacy-policy-p\" style=\"color: #000000;\">\n            Dependiendo de la ley que se aplique, usted puede tener\n            derecho a acceder y rectificar o eliminar sus\n            datos personales o recibir una copia de sus datos\n            personales, restringir u oponerse al procesamiento\n            activo de sus datos, pedirnos que compartamos (portemos)\n            su informaci\u00f3n personal a otra entidad,\n            retirar cualquier consentimiento que nos haya proporcionado para\n            procesar sus datos, derecho a presentar una reclamaci\u00f3n\n            ante una autoridad legal y otros derechos\n            que puedan ser relevantes seg\u00fan las leyes aplicables. Para\n            ejercer estos derechos, puede escribirnos a\n            faridabada2@gmail.com.\n            Responderemos a su\n            solicitud de acuerdo con la ley aplicable.\n        <\/p>\n\n        <p class=\"privacy-policy-p\" style=\"color: #000000;\">\n            Tenga en cuenta que si no nos permite recopilar\n            o procesar la informaci\u00f3n personal requerida o si\n            retira el consentimiento para procesar la misma para los\n            fines requeridos, es posible que no pueda acceder\n            o utilizar los servicios para los cuales se solicit\u00f3 su informaci\u00f3n.\n        <\/p>\n    <\/li>\n    <li>\n        <h2 class=\"privacy-policy-h2\" style=\"color: #000000;\">\n            Cookies, etc.\n        <\/h2>\n        <p class=\"privacy-policy-p\" style=\"color: #000000;\">\n            Para obtener m\u00e1s informaci\u00f3n sobre c\u00f3mo utilizamos estas\n            tecnolog\u00edas y sus opciones en relaci\u00f3n con estas tecnolog\u00edas de\n            seguimiento, consulte nuestra\n            <a href=\"https:\/\/buggysafaritenerife.com\/cookie-policy\/\" style=\"color: #000000; text-decoration: underline;\">Pol\u00edtica de Cookies.<\/a>\n        <\/p>\n    <\/li>\n    \n    <li>\n        <h2 class=\"privacy-policy-h2\" style=\"color: #000000;\">\n            Seguridad:\n        <\/h2>\n        <p class=\"privacy-policy-p\" style=\"color: #000000;\">\n            La seguridad de su informaci\u00f3n es importante para\n            nosotros y utilizaremos medidas de seguridad razonables\n            para evitar la p\u00e9rdida, el uso indebido o la alteraci\u00f3n no autorizada\n            de su informaci\u00f3n bajo nuestro\n            control. Sin embargo, dados los riesgos inherentes, no\n            podemos garantizar una seguridad absoluta y,\n            consecuentemente, no podemos asegurar ni garantizar la\n            seguridad de cualquier informaci\u00f3n que nos transmita\n            y lo hace bajo su propio riesgo.\n        <\/p>\n    <\/li>\n\n    <li>\n        <h2 class=\"privacy-policy-h2\" style=\"color: #000000;\">\n            Enlaces de terceros y uso de su informaci\u00f3n:\n        <\/h2>\n        <p class=\"privacy-policy-p\" style=\"color: #000000;\">\n            Nuestro Servicio puede contener enlaces a otros sitios web\n            que no son operados por nosotros. Esta Pol\u00edtica de Privacidad\n            no aborda la pol\u00edtica de privacidad y otras\n            pr\u00e1cticas de terceros, incluido cualquier\n            tercero que opere cualquier sitio web o servicio\n            que pueda ser accesible a trav\u00e9s de un enlace en el\n            Servicio. Le recomendamos encarecidamente que revise la\n            pol\u00edtica de privacidad de cada sitio que visite. No tenemos\n            control ni asumimos ninguna responsabilidad por el\n            contenido, las pol\u00edticas de privacidad o las pr\u00e1cticas de\n            sitios o servicios de terceros.\n        <\/p>\n    <\/li>\n    \n    <li>\n        <h2 class=\"privacy-policy-h2\" style=\"color: #000000;\">\n            Oficial de Quejas \/ Protecci\u00f3n de Datos:\n        <\/h2>\n        <p class=\"privacy-policy-p\" style=\"color: #000000;\">\n            Si tiene alguna duda o inquietud sobre el\n            procesamiento de su informaci\u00f3n que est\u00e1 disponible\n            con nosotros, puede enviar un correo electr\u00f3nico a nuestro Oficial de Quejas en\n            Buggy Safari Tenerife,\n            Carretera puerto 38684 Tamaimo,\n            correo electr\u00f3nico: faridabada2@gmail.com.\n            Abordaremos sus inquietudes de acuerdo con la ley aplicable.\n        <\/p>\n    <\/li>\n<\/ol>\n<p class=\"privacy-policy-p\" style=\"color: #000000;\">\n    Pol\u00edtica de Privacidad generada con <a target=\"_blank\" href=\"https:\/\/www.cookieyes.com\/?utm_source=PP&utm_medium=footer&utm_campaign=UW\" style=\"color: #000000; text-decoration: underline;\">CookieYes<\/a>.\n<\/p>\t\t\t\t<\/div>\n\t\t\t\t<\/div>\n\t\t\t\t\t<\/div>\n\t\t<\/div>\n\t\t\t\t\t<\/div>\n\t\t<\/section>\n\t\t\t\t<\/div>\n\t\t","protected":false},"excerpt":{"rendered":"<p>Pol\u00edtica de Privacidad \u00daltima actualizaci\u00f3n el 15-ene-2026 Fecha de entrada en vigor 15-ene-2026 Esta Pol\u00edtica de Privacidad describe las pol\u00edticas de Buggy Safari Tenerife, Carretera puerto 38684 Tamaimo, Santa Cruz de Tenerife 38684, Espa\u00f1a, correo electr\u00f3nico: faridabada2@gmail.com, tel\u00e9fono: +34 674 446 713 sobre la recopilaci\u00f3n, uso y divulgaci\u00f3n de la informaci\u00f3n que recopilamos cuando utiliza [&hellip;]<\/p>\n","protected":false},"author":2,"featured_media":0,"parent":0,"menu_order":0,"comment_status":"closed","ping_status":"closed","template":"","meta":{"inline_featured_image":false,"site-sidebar-layout":"default","site-content-layout":"","ast-site-content-layout":"default","site-content-style":"default","site-sidebar-style":"default","ast-global-header-display":"","ast-banner-title-visibility":"","ast-main-header-display":"","ast-hfb-above-header-display":"","ast-hfb-below-header-display":"","ast-hfb-mobile-header-display":"","site-post-title":"disabled","ast-breadcrumbs-content":"","ast-featured-img":"","footer-sml-layout":"","ast-disable-related-posts":"","theme-transparent-header-meta":"","adv-header-id-meta":"","stick-header-meta":"","header-above-stick-meta":"","header-main-stick-meta":"","header-below-stick-meta":"","astra-migrate-meta-layouts":"set","ast-page-background-enabled":"default","ast-page-background-meta":{"desktop":{"background-color":"var(--ast-global-color-4)","background-image":"","background-repeat":"repeat","background-position":"center center","background-size":"auto","background-attachment":"scroll","background-type":"","background-media":"","overlay-type":"","overlay-color":"","overlay-opacity":"","overlay-gradient":""},"tablet":{"background-color":"","background-image":"","background-repeat":"repeat","background-position":"center center","background-size":"auto","background-attachment":"scroll","background-type":"","background-media":"","overlay-type":"","overlay-color":"","overlay-opacity":"","overlay-gradient":""},"mobile":{"background-color":"","background-image":"","background-repeat":"repeat","background-position":"center center","background-size":"auto","background-attachment":"scroll","background-type":"","background-media":"","overlay-type":"","overlay-color":"","overlay-opacity":"","overlay-gradient":""}},"ast-content-background-meta":{"desktop":{"background-color":"var(--ast-global-color-5)","background-image":"","background-repeat":"repeat","background-position":"center center","background-size":"auto","background-attachment":"scroll","background-type":"","background-media":"","overlay-type":"","overlay-color":"","overlay-opacity":"","overlay-gradient":""},"tablet":{"background-color":"var(--ast-global-color-5)","background-image":"","background-repeat":"repeat","background-position":"center center","background-size":"auto","background-attachment":"scroll","background-type":"","background-media":"","overlay-type":"","overlay-color":"","overlay-opacity":"","overlay-gradient":""},"mobile":{"background-color":"var(--ast-global-color-5)","background-image":"","background-repeat":"repeat","background-position":"center center","background-size":"auto","background-attachment":"scroll","background-type":"","background-media":"","overlay-type":"","overlay-color":"","overlay-opacity":"","overlay-gradient":""}},"footnotes":""},"class_list":["post-5843","page","type-page","status-publish","hentry"],"yoast_head":"<!-- This site is optimized with the Yoast SEO plugin v27.3 - https:\/\/yoast.com\/product\/yoast-seo-wordpress\/ -->\n<title>Privacy Policy - BUGGY SAFARI TENERIFE<\/title>\n<meta name=\"robots\" content=\"index, follow, max-snippet:-1, max-image-preview:large, max-video-preview:-1\" \/>\n<link rel=\"canonical\" href=\"https:\/\/buggysafaritenerife.com\/es\/privacy-policy-a\/\" \/>\n<meta property=\"og:locale\" content=\"es_ES\" \/>\n<meta property=\"og:type\" content=\"article\" \/>\n<meta property=\"og:title\" content=\"Privacy Policy - BUGGY SAFARI TENERIFE\" \/>\n<meta property=\"og:description\" content=\"Pol\u00edtica de Privacidad \u00daltima actualizaci\u00f3n el 15-ene-2026 Fecha de entrada en vigor 15-ene-2026 Esta Pol\u00edtica de Privacidad describe las pol\u00edticas de Buggy Safari Tenerife, Carretera puerto 38684 Tamaimo, Santa Cruz de Tenerife 38684, Espa\u00f1a, correo electr\u00f3nico: faridabada2@gmail.com, tel\u00e9fono: +34 674 446 713 sobre la recopilaci\u00f3n, uso y divulgaci\u00f3n de la informaci\u00f3n que recopilamos cuando utiliza [&hellip;]\" \/>\n<meta property=\"og:url\" content=\"https:\/\/buggysafaritenerife.com\/es\/privacy-policy-a\/\" \/>\n<meta property=\"og:site_name\" content=\"BUGGY SAFARI TENERIFE\" \/>\n<meta property=\"article:publisher\" content=\"https:\/\/www.facebook.com\/buggysafaritenerife\" \/>\n<meta property=\"article:modified_time\" content=\"2026-01-15T16:14:31+00:00\" \/>\n<meta name=\"twitter:card\" content=\"summary_large_image\" \/>\n<meta name=\"twitter:label1\" content=\"Tiempo de lectura\" \/>\n\t<meta name=\"twitter:data1\" content=\"4 minutos\" \/>\n<script type=\"application\/ld+json\" class=\"yoast-schema-graph\">{\"@context\":\"https:\\\/\\\/schema.org\",\"@graph\":[{\"@type\":\"WebPage\",\"@id\":\"https:\\\/\\\/buggysafaritenerife.com\\\/es\\\/privacy-policy-a\\\/\",\"url\":\"https:\\\/\\\/buggysafaritenerife.com\\\/es\\\/privacy-policy-a\\\/\",\"name\":\"Privacy Policy - BUGGY SAFARI TENERIFE\",\"isPartOf\":{\"@id\":\"https:\\\/\\\/www.buggysafaritenerife.com\\\/#website\"},\"datePublished\":\"2026-01-15T15:53:08+00:00\",\"dateModified\":\"2026-01-15T16:14:31+00:00\",\"breadcrumb\":{\"@id\":\"https:\\\/\\\/buggysafaritenerife.com\\\/es\\\/privacy-policy-a\\\/#breadcrumb\"},\"inLanguage\":\"es\",\"potentialAction\":[{\"@type\":\"ReadAction\",\"target\":[\"https:\\\/\\\/buggysafaritenerife.com\\\/es\\\/privacy-policy-a\\\/\"]}]},{\"@type\":\"BreadcrumbList\",\"@id\":\"https:\\\/\\\/buggysafaritenerife.com\\\/es\\\/privacy-policy-a\\\/#breadcrumb\",\"itemListElement\":[{\"@type\":\"ListItem\",\"position\":1,\"name\":\"Portada\",\"item\":\"https:\\\/\\\/buggysafaritenerife.com\\\/it\\\/\"},{\"@type\":\"ListItem\",\"position\":2,\"name\":\"Privacy Policy\"}]},{\"@type\":\"WebSite\",\"@id\":\"https:\\\/\\\/www.buggysafaritenerife.com\\\/#website\",\"url\":\"https:\\\/\\\/www.buggysafaritenerife.com\\\/\",\"name\":\"BUGGY SAFARI TENERIFE\",\"description\":\"ARE YOU READY TO LIVE THE BEST BUGGY SAFARI EXPERIENCE WITH ARCTIC CAT MODEL 700CC? NEW BUGGIES SUMMER 2023.\",\"publisher\":{\"@id\":\"https:\\\/\\\/www.buggysafaritenerife.com\\\/#organization\"},\"potentialAction\":[{\"@type\":\"SearchAction\",\"target\":{\"@type\":\"EntryPoint\",\"urlTemplate\":\"https:\\\/\\\/www.buggysafaritenerife.com\\\/?s={search_term_string}\"},\"query-input\":{\"@type\":\"PropertyValueSpecification\",\"valueRequired\":true,\"valueName\":\"search_term_string\"}}],\"inLanguage\":\"es\"},{\"@type\":\"Organization\",\"@id\":\"https:\\\/\\\/www.buggysafaritenerife.com\\\/#organization\",\"name\":\"BUGGY SAFARI TENERIFE\",\"url\":\"https:\\\/\\\/www.buggysafaritenerife.com\\\/\",\"logo\":{\"@type\":\"ImageObject\",\"inLanguage\":\"es\",\"@id\":\"https:\\\/\\\/www.buggysafaritenerife.com\\\/#\\\/schema\\\/logo\\\/image\\\/\",\"url\":\"http:\\\/\\\/buggysafaritenerife.com\\\/wp-content\\\/uploads\\\/2023\\\/07\\\/LOGO_1111-e1689361222376.png\",\"contentUrl\":\"http:\\\/\\\/buggysafaritenerife.com\\\/wp-content\\\/uploads\\\/2023\\\/07\\\/LOGO_1111-e1689361222376.png\",\"width\":1451,\"height\":635,\"caption\":\"BUGGY SAFARI TENERIFE\"},\"image\":{\"@id\":\"https:\\\/\\\/www.buggysafaritenerife.com\\\/#\\\/schema\\\/logo\\\/image\\\/\"},\"sameAs\":[\"https:\\\/\\\/www.facebook.com\\\/buggysafaritenerife\",\"https:\\\/\\\/www.instagram.com\\\/buggysafaritenerife\\\/\"]}]}<\/script>\n<!-- \/ Yoast SEO plugin. -->","yoast_head_json":{"title":"Privacy Policy - BUGGY SAFARI TENERIFE","robots":{"index":"index","follow":"follow","max-snippet":"max-snippet:-1","max-image-preview":"max-image-preview:large","max-video-preview":"max-video-preview:-1"},"canonical":"https:\/\/buggysafaritenerife.com\/es\/privacy-policy-a\/","og_locale":"es_ES","og_type":"article","og_title":"Privacy Policy - BUGGY SAFARI TENERIFE","og_description":"Pol\u00edtica de Privacidad \u00daltima actualizaci\u00f3n el 15-ene-2026 Fecha de entrada en vigor 15-ene-2026 Esta Pol\u00edtica de Privacidad describe las pol\u00edticas de Buggy Safari Tenerife, Carretera puerto 38684 Tamaimo, Santa Cruz de Tenerife 38684, Espa\u00f1a, correo electr\u00f3nico: faridabada2@gmail.com, tel\u00e9fono: +34 674 446 713 sobre la recopilaci\u00f3n, uso y divulgaci\u00f3n de la informaci\u00f3n que recopilamos cuando utiliza [&hellip;]","og_url":"https:\/\/buggysafaritenerife.com\/es\/privacy-policy-a\/","og_site_name":"BUGGY SAFARI TENERIFE","article_publisher":"https:\/\/www.facebook.com\/buggysafaritenerife","article_modified_time":"2026-01-15T16:14:31+00:00","twitter_card":"summary_large_image","twitter_misc":{"Tiempo de lectura":"4 minutos"},"schema":{"@context":"https:\/\/schema.org","@graph":[{"@type":"WebPage","@id":"https:\/\/buggysafaritenerife.com\/es\/privacy-policy-a\/","url":"https:\/\/buggysafaritenerife.com\/es\/privacy-policy-a\/","name":"Privacy Policy - BUGGY SAFARI TENERIFE","isPartOf":{"@id":"https:\/\/www.buggysafaritenerife.com\/#website"},"datePublished":"2026-01-15T15:53:08+00:00","dateModified":"2026-01-15T16:14:31+00:00","breadcrumb":{"@id":"https:\/\/buggysafaritenerife.com\/es\/privacy-policy-a\/#breadcrumb"},"inLanguage":"es","potentialAction":[{"@type":"ReadAction","target":["https:\/\/buggysafaritenerife.com\/es\/privacy-policy-a\/"]}]},{"@type":"BreadcrumbList","@id":"https:\/\/buggysafaritenerife.com\/es\/privacy-policy-a\/#breadcrumb","itemListElement":[{"@type":"ListItem","position":1,"name":"Portada","item":"https:\/\/buggysafaritenerife.com\/it\/"},{"@type":"ListItem","position":2,"name":"Privacy Policy"}]},{"@type":"WebSite","@id":"https:\/\/www.buggysafaritenerife.com\/#website","url":"https:\/\/www.buggysafaritenerife.com\/","name":"BUGGY SAFARI TENERIFE","description":"ARE YOU READY TO LIVE THE BEST BUGGY SAFARI EXPERIENCE WITH ARCTIC CAT MODEL 700CC? NEW BUGGIES SUMMER 2023.","publisher":{"@id":"https:\/\/www.buggysafaritenerife.com\/#organization"},"potentialAction":[{"@type":"SearchAction","target":{"@type":"EntryPoint","urlTemplate":"https:\/\/www.buggysafaritenerife.com\/?s={search_term_string}"},"query-input":{"@type":"PropertyValueSpecification","valueRequired":true,"valueName":"search_term_string"}}],"inLanguage":"es"},{"@type":"Organization","@id":"https:\/\/www.buggysafaritenerife.com\/#organization","name":"BUGGY SAFARI TENERIFE","url":"https:\/\/www.buggysafaritenerife.com\/","logo":{"@type":"ImageObject","inLanguage":"es","@id":"https:\/\/www.buggysafaritenerife.com\/#\/schema\/logo\/image\/","url":"http:\/\/buggysafaritenerife.com\/wp-content\/uploads\/2023\/07\/LOGO_1111-e1689361222376.png","contentUrl":"http:\/\/buggysafaritenerife.com\/wp-content\/uploads\/2023\/07\/LOGO_1111-e1689361222376.png","width":1451,"height":635,"caption":"BUGGY SAFARI TENERIFE"},"image":{"@id":"https:\/\/www.buggysafaritenerife.com\/#\/schema\/logo\/image\/"},"sameAs":["https:\/\/www.facebook.com\/buggysafaritenerife","https:\/\/www.instagram.com\/buggysafaritenerife\/"]}]}},"_links":{"self":[{"href":"https:\/\/buggysafaritenerife.com\/es\/wp-json\/wp\/v2\/pages\/5843","targetHints":{"allow":["GET"]}}],"collection":[{"href":"https:\/\/buggysafaritenerife.com\/es\/wp-json\/wp\/v2\/pages"}],"about":[{"href":"https:\/\/buggysafaritenerife.com\/es\/wp-json\/wp\/v2\/types\/page"}],"author":[{"embeddable":true,"href":"https:\/\/buggysafaritenerife.com\/es\/wp-json\/wp\/v2\/users\/2"}],"replies":[{"embeddable":true,"href":"https:\/\/buggysafaritenerife.com\/es\/wp-json\/wp\/v2\/comments?post=5843"}],"version-history":[{"count":4,"href":"https:\/\/buggysafaritenerife.com\/es\/wp-json\/wp\/v2\/pages\/5843\/revisions"}],"predecessor-version":[{"id":5847,"href":"https:\/\/buggysafaritenerife.com\/es\/wp-json\/wp\/v2\/pages\/5843\/revisions\/5847"}],"wp:attachment":[{"href":"https:\/\/buggysafaritenerife.com\/es\/wp-json\/wp\/v2\/media?parent=5843"}],"curies":[{"name":"wp","href":"https:\/\/api.w.org\/{rel}","templated":true}]}}